{"id":730,"date":"2021-11-28T13:36:24","date_gmt":"2021-11-28T12:36:24","guid":{"rendered":"https:\/\/impreza25.us-themes.com\/?page_id=730"},"modified":"2022-01-18T16:08:44","modified_gmt":"2022-01-18T15:08:44","slug":"chalets","status":"publish","type":"page","link":"https:\/\/chalets-ch.ch\/en\/chalets\/","title":{"rendered":"Chalets"},"content":{"rendered":"<section class=\"l-section wpb_row height_custom\"><div class=\"l-section-h i-cf\"><div class=\"g-cols vc_row via_grid cols_1 laptops-cols_inherit tablets-cols_inherit mobiles-cols_1 valign_top type_default stacking_default\"><div class=\"wpb_column vc_column_container\"><div class=\"vc_column-inner\"><div class=\"w-separator us_custom_f563326e us_animate_this size_medium\"><\/div><h1 class=\"w-text us_custom_edb423b1\"><span class=\"w-text-h\"><span class=\"w-text-value\">Unsere Chalets<\/span><\/span><\/h1><div class=\"w-separator size_medium\"><\/div><div class=\"w-grid us_grid type_grid layout_686 cols_3 preload_style_spinner with_css_animation\" id=\"us_grid_1\" style=\"--columns:3;--gap:1.5rem;\" data-filterable=\"true\"><style>@media (max-width:1024px){#us_grid_1{--columns:2!important}}@media (max-width:600px){#us_grid_1{--columns:1!important}}.layout_686 .w-grid-item-h{background:var(--color-alt-content-bg-alt);color:var(--color-alt-content-text)}.layout_686 .usg_post_image_1{width:100%!important}.layout_686 .usg_post_title_1{color:var(--color-alt-content-heading)!important;font-size:max( 40px,1.8vw )!important;margin-left:40px!important;margin-top:20px!important;margin-right:40px!important}.layout_686 .usg_post_content_1{margin-left:40px!important;margin-top:20px!important;margin-right:40px!important}.layout_686 .usg_btn_1{margin:20px 40px 40px 40px!important}.layout_686 .usg_post_custom_field_1{color:#ff3030!important;font-size:1.2rem!important;margin-top:0.3rem!important;margin-bottom:0.3rem!important;padding:0.3rem!important;background:#ffffff!important;border:1px solid #ff3030!important}@media (min-width:1025px) and (max-width:1280px){.layout_686 .usg_post_title_1{margin-left:30px!important;margin-top:20px!important;margin-right:30px!important}.layout_686 .usg_post_content_1{margin-left:30px!important;margin-top:20px!important;margin-right:30px!important}.layout_686 .usg_btn_1{margin:20px 30px 30px 30px!important}}@media (min-width:601px) and (max-width:1024px){.layout_686 .usg_post_title_1{margin-left:20px!important;margin-top:20px!important;margin-right:20px!important}.layout_686 .usg_post_content_1{margin-left:20px!important;margin-top:20px!important;margin-right:20px!important}.layout_686 .usg_btn_1{margin:20px!important}}@media (max-width:600px){.layout_686 .usg_post_title_1{margin-left:20px!important;margin-top:20px!important;margin-right:20px!important}.layout_686 .usg_post_content_1{margin-left:20px!important;margin-top:20px!important;margin-right:20px!important}.layout_686 .usg_btn_1{margin:20px!important}}<\/style><div class=\"w-grid-list\">\t<article class=\"w-grid-item us_animate_afl size_1x1 post-1190 us_portfolio type-us_portfolio status-publish has-post-thumbnail hentry\" data-id=\"1190\" style=\"animation-delay:0s\">\r\n\t\t<div class=\"w-grid-item-h\">\r\n\t\t\t\t\t\t<div class=\"w-post-elm post_image usg_post_image_1 has_width has_ratio\"><a href=\"https:\/\/chalets-ch.ch\/en\/chalet\/traumhaftes-kientaler-bijou-blick-auf-bluemlisalp\/\" aria-label=\"Traumhaftes Kientaler Bijou &#8211; Blick auf Bl\u00fcmlisalp\"><img loading=\"lazy\" decoding=\"async\" width=\"768\" height=\"1024\" src=\"https:\/\/chalets-ch.ch\/wp-content\/uploads\/2022\/01\/ea016148-1cb4-4e14-a811-670d407076aa.jpeg-768x1024.webp\" class=\"attachment-large size-large wp-post-image\" alt=\"\" \/><\/a><div style=\"padding-bottom:56.25%\"><\/div><\/div><h3 class=\"w-post-elm post_title usg_post_title_1 has_text_color entry-title color_link_inherit\"><a href=\"https:\/\/chalets-ch.ch\/en\/chalet\/traumhaftes-kientaler-bijou-blick-auf-bluemlisalp\/\">Traumhaftes Kientaler Bijou &#8211; Blick auf Bl\u00fcmlisalp<\/a><\/h3><div class=\"w-post-elm post_content usg_post_content_1\"><p>3 G\u00e4ste<br \/>\n2 Schlafzimmer<br \/>\n2 Betten<br \/>\n1 Badezimmer<\/p>\n<\/div><a class=\"w-btn us-btn-style_21 usg_btn_1\" href=\"https:\/\/chalets-ch.ch\/en\/chalet\/traumhaftes-kientaler-bijou-blick-auf-bluemlisalp\/\"><span class=\"w-btn-label\">Ansehen<\/span><\/a>\t\t<\/div>\r\n\t\t\t<\/article>\r\n\t<article class=\"w-grid-item us_animate_afl size_1x1 post-1132 us_portfolio type-us_portfolio status-publish has-post-thumbnail hentry\" data-id=\"1132\" style=\"animation-delay:0.1s\">\r\n\t\t<div class=\"w-grid-item-h\">\r\n\t\t\t\t\t\t<div class=\"w-post-elm post_image usg_post_image_1 has_width has_ratio\"><a href=\"https:\/\/chalets-ch.ch\/en\/chalet\/ein-traum-auf-1-700-metern-hoehe-chalet-hoechst\/\" aria-label=\"Chalet H\u00f6chst &#8211;  Ein Traum auf 1.700 Metern H\u00f6he&#8230;\"><img loading=\"lazy\" decoding=\"async\" width=\"1024\" height=\"768\" src=\"https:\/\/chalets-ch.ch\/wp-content\/uploads\/2022\/01\/5a31f9fc-fa1e-415f-bfbb-64e2c14dd91a.jpg-1-1024x768.webp\" class=\"attachment-large size-large wp-post-image\" alt=\"\" \/><\/a><div style=\"padding-bottom:56.25%\"><\/div><\/div><h3 class=\"w-post-elm post_title usg_post_title_1 has_text_color entry-title color_link_inherit\"><a href=\"https:\/\/chalets-ch.ch\/en\/chalet\/ein-traum-auf-1-700-metern-hoehe-chalet-hoechst\/\">Chalet H\u00f6chst &#8211;  Ein Traum auf 1.700 Metern H\u00f6he&#8230;<\/a><\/h3><div class=\"w-post-elm post_content usg_post_content_1\"><p>8 G\u00e4ste<br \/>\n3 Schlafzimmer<br \/>\n7 Betten<br \/>\n1 Badezimmer<\/p>\n<\/div><a class=\"w-btn us-btn-style_21 usg_btn_1\" href=\"https:\/\/chalets-ch.ch\/en\/chalet\/ein-traum-auf-1-700-metern-hoehe-chalet-hoechst\/\"><span class=\"w-btn-label\">Ansehen<\/span><\/a>\t\t<\/div>\r\n\t\t\t<\/article>\r\n\t<article class=\"w-grid-item us_animate_afl size_1x1 post-988 us_portfolio type-us_portfolio status-publish has-post-thumbnail hentry\" data-id=\"988\" style=\"animation-delay:0.2s\">\r\n\t\t<div class=\"w-grid-item-h\">\r\n\t\t\t\t\t\t<div class=\"w-post-elm post_image usg_post_image_1 has_width has_ratio\"><a href=\"https:\/\/chalets-ch.ch\/en\/chalet\/schoenes-bijou-an-der-sonnenseite-von-engelberg\/\" aria-label=\"Sch\u00f6nes BIJOU an der Sonnenseite von Engelberg\"><img loading=\"lazy\" decoding=\"async\" width=\"768\" height=\"1024\" src=\"https:\/\/chalets-ch.ch\/wp-content\/uploads\/2022\/01\/cf2a7f64-05ee-4075-a85e-ebffd82fe996.jpeg-768x1024.webp\" class=\"attachment-large size-large wp-post-image\" alt=\"\" \/><\/a><div style=\"padding-bottom:56.25%\"><\/div><\/div><h3 class=\"w-post-elm post_title usg_post_title_1 has_text_color entry-title color_link_inherit\"><a href=\"https:\/\/chalets-ch.ch\/en\/chalet\/schoenes-bijou-an-der-sonnenseite-von-engelberg\/\">Sch\u00f6nes BIJOU an der Sonnenseite von Engelberg<\/a><\/h3><div class=\"w-post-elm post_content usg_post_content_1\"><p>6 G\u00e4ste<br \/>\n3 Schlafzimmer<br \/>\n2 Betten<br \/>\n1 Badezimmer<\/p>\n<\/div><a class=\"w-btn us-btn-style_21 usg_btn_1\" href=\"https:\/\/chalets-ch.ch\/en\/chalet\/schoenes-bijou-an-der-sonnenseite-von-engelberg\/\"><span class=\"w-btn-label\">Ansehen<\/span><\/a>\t\t<\/div>\r\n\t\t\t<\/article>\r\n\t<article class=\"w-grid-item us_animate_afl size_1x1 post-1261 us_portfolio type-us_portfolio status-publish has-post-thumbnail hentry\" data-id=\"1261\" style=\"animation-delay:0.3s\">\r\n\t\t<div class=\"w-grid-item-h\">\r\n\t\t\t\t\t\t<div class=\"w-post-elm post_image usg_post_image_1 has_width has_ratio\"><a href=\"https:\/\/chalets-ch.ch\/en\/chalet\/schoenes-bijou-mitten-in-basel\/\" aria-label=\"Sch\u00f6nes BIJOU &#8211; mitten in BASEL\"><img loading=\"lazy\" decoding=\"async\" width=\"1024\" height=\"945\" src=\"https:\/\/chalets-ch.ch\/wp-content\/uploads\/2022\/01\/163db0ca-1-1024x945.jpg\" class=\"attachment-large size-large wp-post-image\" alt=\"\" \/><\/a><div style=\"padding-bottom:56.25%\"><\/div><\/div><div class=\"w-post-elm post_custom_field usg_post_custom_field_1 has_text_color type_text verfugbarkeit color_link_inherit\"><i class=\"fal fa-exclamation-triangle\"><\/i><span class=\"w-post-elm-value\">Derzeit leider nicht mehr buchbar.<\/span><\/div><h3 class=\"w-post-elm post_title usg_post_title_1 has_text_color entry-title color_link_inherit\"><a href=\"https:\/\/chalets-ch.ch\/en\/chalet\/schoenes-bijou-mitten-in-basel\/\">Sch\u00f6nes BIJOU &#8211; mitten in BASEL<\/a><\/h3><div class=\"w-post-elm post_content usg_post_content_1\"><p>6 G\u00e4ste<br \/>\n2 Schlafzimmer<br \/>\n2 Betten<br \/>\n1 Badezimmer<\/p>\n<\/div><a class=\"w-btn us-btn-style_21 usg_btn_1\" href=\"https:\/\/chalets-ch.ch\/en\/chalet\/schoenes-bijou-mitten-in-basel\/\"><span class=\"w-btn-label\">Ansehen<\/span><\/a>\t\t<\/div>\r\n\t\t\t<\/article>\r\n<\/div>\t<div class=\"w-grid-preloader\">\r\n\t\t<div class=\"g-preloader type_1\">\r\n\t\t\t<div><\/div>\r\n\t\t<\/div>\r\n\t<\/div>\r\n\t\t<div class=\"w-grid-json hidden\" onclick='return {&quot;action&quot;:&quot;us_ajax_grid&quot;,&quot;infinite_scroll&quot;:0,&quot;max_num_pages&quot;:1,&quot;pagination&quot;:&quot;none&quot;,&quot;template_vars&quot;:{&quot;columns&quot;:&quot;3&quot;,&quot;exclude_items&quot;:&quot;none&quot;,&quot;img_size&quot;:&quot;default&quot;,&quot;ignore_items_size&quot;:0,&quot;items_layout&quot;:&quot;686&quot;,&quot;items_offset&quot;:&quot;1&quot;,&quot;load_animation&quot;:&quot;afl&quot;,&quot;overriding_link&quot;:&quot;{\\&quot;url\\&quot;:\\&quot;\\&quot;}&quot;,&quot;post_id&quot;:0,&quot;query_args&quot;:{&quot;post_type&quot;:[&quot;us_portfolio&quot;],&quot;post_status&quot;:[&quot;publish&quot;,&quot;acf-disabled&quot;],&quot;posts_per_page&quot;:&quot;10&quot;},&quot;orderby_query_args&quot;:{&quot;orderby&quot;:{&quot;date&quot;:&quot;DESC&quot;}},&quot;type&quot;:&quot;grid&quot;,&quot;us_grid_post_type&quot;:&quot;us_portfolio&quot;,&quot;us_grid_ajax_index&quot;:1,&quot;us_grid_filter_query_string&quot;:null,&quot;us_grid_index&quot;:1,&quot;page_args&quot;:[]}}'><\/div>\r\n\t<\/div><\/div><\/div><\/div><\/div><\/section>\n","protected":false},"excerpt":{"rendered":"Nimm die ganze Familie mit in diese tolle zentrale Unterkunft mit viel Platz und Spass und Unterhaltung - mitten in Basel! Unsere Bleibe ist kinderfreundlich, f\u00fcr Kleinkinder geeignet und Haustiere sind erlaubt. Ein Kostenloser Parkplatz in unmittelbarer N\u00e4he steht zur Verf\u00fcgung. Die Unterkunft Die Wohnung ist eine 3.,5 Zimmer Wohnung. Das Wohnzimmer kann auch f\u00fcr...","protected":false},"author":3,"featured_media":0,"parent":0,"menu_order":0,"comment_status":"closed","ping_status":"closed","template":"","meta":{"_acf_changed":false,"footnotes":""},"class_list":["post-730","page","type-page","status-publish","hentry"],"acf":[],"_links":{"self":[{"href":"https:\/\/chalets-ch.ch\/en\/wp-json\/wp\/v2\/pages\/730","targetHints":{"allow":["GET"]}}],"collection":[{"href":"https:\/\/chalets-ch.ch\/en\/wp-json\/wp\/v2\/pages"}],"about":[{"href":"https:\/\/chalets-ch.ch\/en\/wp-json\/wp\/v2\/types\/page"}],"author":[{"embeddable":true,"href":"https:\/\/chalets-ch.ch\/en\/wp-json\/wp\/v2\/users\/3"}],"replies":[{"embeddable":true,"href":"https:\/\/chalets-ch.ch\/en\/wp-json\/wp\/v2\/comments?post=730"}],"version-history":[{"count":4,"href":"https:\/\/chalets-ch.ch\/en\/wp-json\/wp\/v2\/pages\/730\/revisions"}],"predecessor-version":[{"id":1342,"href":"https:\/\/chalets-ch.ch\/en\/wp-json\/wp\/v2\/pages\/730\/revisions\/1342"}],"wp:attachment":[{"href":"https:\/\/chalets-ch.ch\/en\/wp-json\/wp\/v2\/media?parent=730"}],"curies":[{"name":"wp","href":"https:\/\/api.w.org\/{rel}","templated":true}]}}