{"id":528,"date":"2021-11-21T13:15:19","date_gmt":"2021-11-21T13:15:19","guid":{"rendered":"https:\/\/impreza25.us-themes.com\/?page_id=528"},"modified":"2025-09-05T11:53:43","modified_gmt":"2025-09-05T09:53:43","slug":"hotel","status":"publish","type":"page","link":"https:\/\/chalets-ch.ch\/en\/","title":{"rendered":"Home"},"content":{"rendered":"<section class=\"l-section wpb_row height_custom full_height valign_center color_primary with_img\"><div class=\"l-section-img\" role=\"img\" aria-label=\"Image\" data-img-width=\"1440\" data-img-height=\"1080\" style=\"background-image: url(https:\/\/chalets-ch.ch\/wp-content\/uploads\/2022\/01\/Hero.jpeg);background-repeat: no-repeat;\"><\/div><div class=\"l-section-overlay\" style=\"background:rgba(86,101,115,0.55)\"><\/div><div class=\"l-section-h i-cf\"><div class=\"g-cols vc_row via_grid cols_2 laptops-cols_inherit tablets-cols_inherit mobiles-cols_1 valign_top type_default stacking_default\" style=\"--columns-gap:0rem;\"><div class=\"wpb_column vc_column_container\"><div class=\"vc_column-inner\"><\/div><\/div><div class=\"wpb_column vc_column_container\"><div class=\"vc_column-inner\"><div class=\"wpb_text_column us_custom_b9b66380 us_animate_this\"><div class=\"wpb_wrapper\"><h1>Urlaub<br \/>\nIm <em>Herzen<\/em><br \/>\nder Schweiz<\/h1>\n<\/div><\/div><div class=\"w-separator size_large\"><\/div><div class=\"w-btn-wrapper align_none\"><a class=\"w-btn us-btn-style_26\" title=\"Chalets\" href=\"https:\/\/chalets-ch.ch\/chalets\/\"><span class=\"w-btn-label\">Zu den Chalets<\/span><\/a><\/div><\/div><\/div><\/div><\/div><\/section><section class=\"l-section wpb_row height_auto\"><div class=\"l-section-h i-cf\"><div class=\"g-cols vc_row via_grid cols_1 laptops-cols_inherit tablets-cols_inherit mobiles-cols_1 valign_top type_default stacking_default\"><div class=\"wpb_column vc_column_container\"><div class=\"vc_column-inner\"><div class=\"w-separator size_custom\" style=\"height:60px\" id=\"r56d\"><style>@media(max-width:600px){ #r56d{height:6vh!important}}<\/style><\/div><div class=\"g-cols wpb_row via_grid cols_2 laptops-cols_inherit tablets-cols_inherit mobiles-cols_1 valign_top type_default stacking_default\" style=\"--columns-gap:0rem;\"><div class=\"wpb_column vc_column_container\"><div class=\"vc_column-inner\"><div class=\"wpb_text_column us_custom_47474b22 us_animate_this\"><div class=\"wpb_wrapper\"><h2 style=\"text-align: right;\">Unsere<br \/>\nChalets<\/h2>\n<\/div><\/div><\/div><\/div><div class=\"wpb_column vc_column_container hide_on_mobiles\"><div class=\"vc_column-inner\"><\/div><\/div><\/div><div class=\"w-separator size_custom\" style=\"height:60px\" id=\"ff84\"><style>@media(max-width:600px){ #ff84{height:6vh!important}}<\/style><\/div><\/div><\/div><\/div><\/div><\/section><section class=\"l-section wpb_row height_medium\"><div class=\"l-section-h i-cf\"><div class=\"g-cols vc_row via_grid cols_1 laptops-cols_inherit tablets-cols_inherit mobiles-cols_1 valign_top type_default stacking_default\"><div class=\"wpb_column vc_column_container\"><div class=\"vc_column-inner\"><div class=\"w-separator us_custom_6948b0fa us_animate_this size_medium\"><\/div><div class=\"w-grid us_carousel us_custom_435c636a hide_on_default hide_on_laptops type_carousel layout_686 preload_style_spinner\" id=\"us_grid_1\"><style>.layout_686 .w-grid-item-h{background:var(--color-alt-content-bg-alt);color:var(--color-alt-content-text)}.layout_686 .usg_post_image_1{width:100%!important}.layout_686 .usg_post_title_1{color:var(--color-alt-content-heading)!important;font-size:max( 40px,1.8vw )!important;margin-left:40px!important;margin-top:20px!important;margin-right:40px!important}.layout_686 .usg_post_content_1{margin-left:40px!important;margin-top:20px!important;margin-right:40px!important}.layout_686 .usg_btn_1{margin:20px 40px 40px 40px!important}.layout_686 .usg_post_custom_field_1{color:#ff3030!important;font-size:1.2rem!important;margin-top:0.3rem!important;margin-bottom:0.3rem!important;padding:0.3rem!important;background:#ffffff!important;border:1px solid #ff3030!important}@media (min-width:1025px) and (max-width:1280px){.layout_686 .usg_post_title_1{margin-left:30px!important;margin-top:20px!important;margin-right:30px!important}.layout_686 .usg_post_content_1{margin-left:30px!important;margin-top:20px!important;margin-right:30px!important}.layout_686 .usg_btn_1{margin:20px 30px 30px 30px!important}}@media (min-width:601px) and (max-width:1024px){.layout_686 .usg_post_title_1{margin-left:20px!important;margin-top:20px!important;margin-right:20px!important}.layout_686 .usg_post_content_1{margin-left:20px!important;margin-top:20px!important;margin-right:20px!important}.layout_686 .usg_btn_1{margin:20px!important}}@media (max-width:600px){.layout_686 .usg_post_title_1{margin-left:20px!important;margin-top:20px!important;margin-right:20px!important}.layout_686 .usg_post_content_1{margin-left:20px!important;margin-top:20px!important;margin-right:20px!important}.layout_686 .usg_btn_1{margin:20px!important}}<\/style><div class=\"w-grid-list owl-carousel valign_stretch dotstyle_circle navstyle_23 arrows-ver-pos_middle arrows-hor-pos_on_sides_outside arrows-disabled_hide owl-responsive-2000 with_arrows\" style=\"--transition-duration:350ms;--arrows-size:3rem;--arrows-hor-offset:calc(20px + 0px);--arrows-gap:10px;\">\t<article class=\"w-grid-item post-1190 us_portfolio type-us_portfolio status-publish has-post-thumbnail hentry\" data-id=\"1190\">\r\n\t\t<div class=\"w-grid-item-h\">\r\n\t\t\t\t\t\t<div class=\"w-post-elm post_image usg_post_image_1 has_width has_ratio\"><a href=\"https:\/\/chalets-ch.ch\/en\/chalet\/traumhaftes-kientaler-bijou-blick-auf-bluemlisalp\/\" aria-label=\"Traumhaftes Kientaler Bijou &#8211; Blick auf Bl\u00fcmlisalp\"><img loading=\"lazy\" decoding=\"async\" width=\"768\" height=\"1024\" src=\"https:\/\/chalets-ch.ch\/wp-content\/uploads\/2022\/01\/ea016148-1cb4-4e14-a811-670d407076aa.jpeg-768x1024.webp\" class=\"attachment-large size-large wp-post-image\" alt=\"\" \/><\/a><div style=\"padding-bottom:56.25%\"><\/div><\/div><h3 class=\"w-post-elm post_title usg_post_title_1 has_text_color entry-title color_link_inherit\"><a href=\"https:\/\/chalets-ch.ch\/en\/chalet\/traumhaftes-kientaler-bijou-blick-auf-bluemlisalp\/\">Traumhaftes Kientaler Bijou &#8211; Blick auf Bl\u00fcmlisalp<\/a><\/h3><div class=\"w-post-elm post_content usg_post_content_1\"><p>3 G\u00e4ste<br \/>\n2 Schlafzimmer<br \/>\n2 Betten<br \/>\n1 Badezimmer<\/p>\n<\/div><a class=\"w-btn us-btn-style_21 usg_btn_1\" href=\"https:\/\/chalets-ch.ch\/en\/chalet\/traumhaftes-kientaler-bijou-blick-auf-bluemlisalp\/\"><span class=\"w-btn-label\">Ansehen<\/span><\/a>\t\t<\/div>\r\n\t\t\t<\/article>\r\n\t<article class=\"w-grid-item post-1132 us_portfolio type-us_portfolio status-publish has-post-thumbnail hentry\" data-id=\"1132\">\r\n\t\t<div class=\"w-grid-item-h\">\r\n\t\t\t\t\t\t<div class=\"w-post-elm post_image usg_post_image_1 has_width has_ratio\"><a href=\"https:\/\/chalets-ch.ch\/en\/chalet\/ein-traum-auf-1-700-metern-hoehe-chalet-hoechst\/\" aria-label=\"Chalet H\u00f6chst &#8211;  Ein Traum auf 1.700 Metern H\u00f6he&#8230;\"><img loading=\"lazy\" decoding=\"async\" width=\"1024\" height=\"768\" src=\"https:\/\/chalets-ch.ch\/wp-content\/uploads\/2022\/01\/5a31f9fc-fa1e-415f-bfbb-64e2c14dd91a.jpg-1-1024x768.webp\" class=\"attachment-large size-large wp-post-image\" alt=\"\" \/><\/a><div style=\"padding-bottom:56.25%\"><\/div><\/div><h3 class=\"w-post-elm post_title usg_post_title_1 has_text_color entry-title color_link_inherit\"><a href=\"https:\/\/chalets-ch.ch\/en\/chalet\/ein-traum-auf-1-700-metern-hoehe-chalet-hoechst\/\">Chalet H\u00f6chst &#8211;  Ein Traum auf 1.700 Metern H\u00f6he&#8230;<\/a><\/h3><div class=\"w-post-elm post_content usg_post_content_1\"><p>8 G\u00e4ste<br \/>\n3 Schlafzimmer<br \/>\n7 Betten<br \/>\n1 Badezimmer<\/p>\n<\/div><a class=\"w-btn us-btn-style_21 usg_btn_1\" href=\"https:\/\/chalets-ch.ch\/en\/chalet\/ein-traum-auf-1-700-metern-hoehe-chalet-hoechst\/\"><span class=\"w-btn-label\">Ansehen<\/span><\/a>\t\t<\/div>\r\n\t\t\t<\/article>\r\n\t<article class=\"w-grid-item post-988 us_portfolio type-us_portfolio status-publish has-post-thumbnail hentry\" data-id=\"988\">\r\n\t\t<div class=\"w-grid-item-h\">\r\n\t\t\t\t\t\t<div class=\"w-post-elm post_image usg_post_image_1 has_width has_ratio\"><a href=\"https:\/\/chalets-ch.ch\/en\/chalet\/schoenes-bijou-an-der-sonnenseite-von-engelberg\/\" aria-label=\"Sch\u00f6nes BIJOU an der Sonnenseite von Engelberg\"><img loading=\"lazy\" decoding=\"async\" width=\"768\" height=\"1024\" src=\"https:\/\/chalets-ch.ch\/wp-content\/uploads\/2022\/01\/cf2a7f64-05ee-4075-a85e-ebffd82fe996.jpeg-768x1024.webp\" class=\"attachment-large size-large wp-post-image\" alt=\"\" \/><\/a><div style=\"padding-bottom:56.25%\"><\/div><\/div><h3 class=\"w-post-elm post_title usg_post_title_1 has_text_color entry-title color_link_inherit\"><a href=\"https:\/\/chalets-ch.ch\/en\/chalet\/schoenes-bijou-an-der-sonnenseite-von-engelberg\/\">Sch\u00f6nes BIJOU an der Sonnenseite von Engelberg<\/a><\/h3><div class=\"w-post-elm post_content usg_post_content_1\"><p>6 G\u00e4ste<br \/>\n3 Schlafzimmer<br \/>\n2 Betten<br \/>\n1 Badezimmer<\/p>\n<\/div><a class=\"w-btn us-btn-style_21 usg_btn_1\" href=\"https:\/\/chalets-ch.ch\/en\/chalet\/schoenes-bijou-an-der-sonnenseite-von-engelberg\/\"><span class=\"w-btn-label\">Ansehen<\/span><\/a>\t\t<\/div>\r\n\t\t\t<\/article>\r\n\t<article class=\"w-grid-item post-1261 us_portfolio type-us_portfolio status-publish has-post-thumbnail hentry\" data-id=\"1261\">\r\n\t\t<div class=\"w-grid-item-h\">\r\n\t\t\t\t\t\t<div class=\"w-post-elm post_image usg_post_image_1 has_width has_ratio\"><a href=\"https:\/\/chalets-ch.ch\/en\/chalet\/schoenes-bijou-mitten-in-basel\/\" aria-label=\"Sch\u00f6nes BIJOU &#8211; mitten in BASEL\"><img loading=\"lazy\" decoding=\"async\" width=\"1024\" height=\"945\" src=\"https:\/\/chalets-ch.ch\/wp-content\/uploads\/2022\/01\/163db0ca-1-1024x945.jpg\" class=\"attachment-large size-large wp-post-image\" alt=\"\" \/><\/a><div style=\"padding-bottom:56.25%\"><\/div><\/div><div class=\"w-post-elm post_custom_field usg_post_custom_field_1 has_text_color type_text verfugbarkeit color_link_inherit\"><i class=\"fal fa-exclamation-triangle\"><\/i><span class=\"w-post-elm-value\">Derzeit leider nicht mehr buchbar.<\/span><\/div><h3 class=\"w-post-elm post_title usg_post_title_1 has_text_color entry-title color_link_inherit\"><a href=\"https:\/\/chalets-ch.ch\/en\/chalet\/schoenes-bijou-mitten-in-basel\/\">Sch\u00f6nes BIJOU &#8211; mitten in BASEL<\/a><\/h3><div class=\"w-post-elm post_content usg_post_content_1\"><p>6 G\u00e4ste<br \/>\n2 Schlafzimmer<br \/>\n2 Betten<br \/>\n1 Badezimmer<\/p>\n<\/div><a class=\"w-btn us-btn-style_21 usg_btn_1\" href=\"https:\/\/chalets-ch.ch\/en\/chalet\/schoenes-bijou-mitten-in-basel\/\"><span class=\"w-btn-label\">Ansehen<\/span><\/a>\t\t<\/div>\r\n\t\t\t<\/article>\r\n<\/div><div class=\"w-grid-carousel-json hidden\" onclick='return {&quot;carousel_settings&quot;:{&quot;aria_labels&quot;:{&quot;prev&quot;:&quot;Previous&quot;,&quot;next&quot;:&quot;Next&quot;},&quot;autoplayContinual&quot;:false,&quot;autoplayContinualCss&quot;:false,&quot;autoplayHoverPause&quot;:false,&quot;autoplayTimeout&quot;:3000,&quot;autoWidth&quot;:false,&quot;smartSpeed&quot;:350,&quot;margin&quot;:0,&quot;mouseDrag&quot;:true,&quot;rtl&quot;:false,&quot;slideBy&quot;:&quot;1&quot;,&quot;touchDrag&quot;:true,&quot;slideTransition&quot;:&quot;&quot;,&quot;responsive&quot;:{&quot;0&quot;:{&quot;autoHeight&quot;:false,&quot;autoplay&quot;:false,&quot;autoplayContinualCss&quot;:false,&quot;autoWidth&quot;:false,&quot;center&quot;:false,&quot;dots&quot;:false,&quot;items&quot;:1,&quot;loop&quot;:false,&quot;nav&quot;:false,&quot;stagePadding&quot;:0,&quot;slideBy&quot;:&quot;1&quot;,&quot;touchDrag&quot;:true,&quot;mouseDrag&quot;:true},&quot;601&quot;:{&quot;items&quot;:1,&quot;autoplay&quot;:false,&quot;autoplayContinualCss&quot;:false,&quot;center&quot;:false,&quot;dots&quot;:false,&quot;nav&quot;:true,&quot;autoHeight&quot;:false,&quot;autoWidth&quot;:false,&quot;loop&quot;:true,&quot;stagePadding&quot;:0}}}}'><\/div><\/div><div class=\"w-grid us_carousel us_custom_97fdbd76 us_animate_this hide_on_tablets hide_on_mobiles type_carousel layout_625 preload_style_spinner\" id=\"us_grid_2\"><style>.layout_625 .w-grid-item-h{background:var(--color-alt-content-bg-alt);color:var(--color-alt-content-text)}.layout_625 .usg_post_image_1{width:50%!important}.layout_625 .usg_vwrapper_1{padding:2rem 8% 2rem 8%!important}.layout_625 .usg_btn_1{margin-top:1.8rem!important}.layout_625 .usg_post_custom_field_1{color:#ff3030!important;font-size:1.2rem!important;margin-top:0.3rem!important;margin-bottom:0.3rem!important;padding:0.3rem!important;background:#ffffff!important;border:1px solid #ff3030!important}<\/style><div class=\"w-grid-list owl-carousel valign_stretch dotstyle_circle navstyle_23 arrows-ver-pos_middle arrows-hor-pos_on_sides_outside arrows-disabled_hide owl-responsive-2000 with_arrows\" style=\"--transition-duration:350ms;--arrows-size:3rem;--arrows-hor-offset:calc(1rem + 0px);--arrows-gap:10px;\">\t<article class=\"w-grid-item post-1190 us_portfolio type-us_portfolio status-publish has-post-thumbnail hentry\" data-id=\"1190\">\r\n\t\t<div class=\"w-grid-item-h\">\r\n\t\t\t\t\t\t<div class=\"w-hwrapper usg_hwrapper_1 align_justify valign_middle\" style=\"--hwrapper-gap:0rem\"><div class=\"w-vwrapper usg_vwrapper_1 align_left valign_top\" style=\"--vwrapper-gap:1.5rem\"><h3 class=\"w-post-elm post_title usg_post_title_1 entry-title color_link_inherit\"><a href=\"https:\/\/chalets-ch.ch\/en\/chalet\/traumhaftes-kientaler-bijou-blick-auf-bluemlisalp\/\">Traumhaftes Kientaler Bijou &#8211; Blick auf Bl\u00fcmlisalp<\/a><\/h3><div class=\"w-post-elm post_content usg_post_content_1\"><p>3 G\u00e4ste<br \/>\n2 Schlafzimmer<br \/>\n2 Betten<br \/>\n1 Badezimmer<\/p>\n<\/div><a class=\"w-btn us-btn-style_21 usg_btn_1\" href=\"https:\/\/chalets-ch.ch\/en\/chalet\/traumhaftes-kientaler-bijou-blick-auf-bluemlisalp\/\"><span class=\"w-btn-label\">Ansehen<\/span><\/a><\/div><div class=\"w-post-elm post_image usg_post_image_1 has_width has_ratio\"><a href=\"https:\/\/chalets-ch.ch\/en\/chalet\/traumhaftes-kientaler-bijou-blick-auf-bluemlisalp\/\" aria-label=\"Traumhaftes Kientaler Bijou &#8211; Blick auf Bl\u00fcmlisalp\"><img loading=\"lazy\" decoding=\"async\" width=\"768\" height=\"1024\" src=\"https:\/\/chalets-ch.ch\/wp-content\/uploads\/2022\/01\/ea016148-1cb4-4e14-a811-670d407076aa.jpeg-768x1024.webp\" class=\"attachment-large size-large wp-post-image\" alt=\"\" \/><\/a><div style=\"padding-bottom:100%\"><\/div><\/div><\/div>\t\t<\/div>\r\n\t\t\t<\/article>\r\n\t<article class=\"w-grid-item post-1132 us_portfolio type-us_portfolio status-publish has-post-thumbnail hentry\" data-id=\"1132\">\r\n\t\t<div class=\"w-grid-item-h\">\r\n\t\t\t\t\t\t<div class=\"w-hwrapper usg_hwrapper_1 align_justify valign_middle\" style=\"--hwrapper-gap:0rem\"><div class=\"w-vwrapper usg_vwrapper_1 align_left valign_top\" style=\"--vwrapper-gap:1.5rem\"><h3 class=\"w-post-elm post_title usg_post_title_1 entry-title color_link_inherit\"><a href=\"https:\/\/chalets-ch.ch\/en\/chalet\/ein-traum-auf-1-700-metern-hoehe-chalet-hoechst\/\">Chalet H\u00f6chst &#8211;  Ein Traum auf 1.700 Metern H\u00f6he&#8230;<\/a><\/h3><div class=\"w-post-elm post_content usg_post_content_1\"><p>8 G\u00e4ste<br \/>\n3 Schlafzimmer<br \/>\n7 Betten<br \/>\n1 Badezimmer<\/p>\n<\/div><a class=\"w-btn us-btn-style_21 usg_btn_1\" href=\"https:\/\/chalets-ch.ch\/en\/chalet\/ein-traum-auf-1-700-metern-hoehe-chalet-hoechst\/\"><span class=\"w-btn-label\">Ansehen<\/span><\/a><\/div><div class=\"w-post-elm post_image usg_post_image_1 has_width has_ratio\"><a href=\"https:\/\/chalets-ch.ch\/en\/chalet\/ein-traum-auf-1-700-metern-hoehe-chalet-hoechst\/\" aria-label=\"Chalet H\u00f6chst &#8211;  Ein Traum auf 1.700 Metern H\u00f6he&#8230;\"><img loading=\"lazy\" decoding=\"async\" width=\"1024\" height=\"768\" src=\"https:\/\/chalets-ch.ch\/wp-content\/uploads\/2022\/01\/5a31f9fc-fa1e-415f-bfbb-64e2c14dd91a.jpg-1-1024x768.webp\" class=\"attachment-large size-large wp-post-image\" alt=\"\" \/><\/a><div style=\"padding-bottom:100%\"><\/div><\/div><\/div>\t\t<\/div>\r\n\t\t\t<\/article>\r\n\t<article class=\"w-grid-item post-988 us_portfolio type-us_portfolio status-publish has-post-thumbnail hentry\" data-id=\"988\">\r\n\t\t<div class=\"w-grid-item-h\">\r\n\t\t\t\t\t\t<div class=\"w-hwrapper usg_hwrapper_1 align_justify valign_middle\" style=\"--hwrapper-gap:0rem\"><div class=\"w-vwrapper usg_vwrapper_1 align_left valign_top\" style=\"--vwrapper-gap:1.5rem\"><h3 class=\"w-post-elm post_title usg_post_title_1 entry-title color_link_inherit\"><a href=\"https:\/\/chalets-ch.ch\/en\/chalet\/schoenes-bijou-an-der-sonnenseite-von-engelberg\/\">Sch\u00f6nes BIJOU an der Sonnenseite von Engelberg<\/a><\/h3><div class=\"w-post-elm post_content usg_post_content_1\"><p>6 G\u00e4ste<br \/>\n3 Schlafzimmer<br \/>\n2 Betten<br \/>\n1 Badezimmer<\/p>\n<\/div><a class=\"w-btn us-btn-style_21 usg_btn_1\" href=\"https:\/\/chalets-ch.ch\/en\/chalet\/schoenes-bijou-an-der-sonnenseite-von-engelberg\/\"><span class=\"w-btn-label\">Ansehen<\/span><\/a><\/div><div class=\"w-post-elm post_image usg_post_image_1 has_width has_ratio\"><a href=\"https:\/\/chalets-ch.ch\/en\/chalet\/schoenes-bijou-an-der-sonnenseite-von-engelberg\/\" aria-label=\"Sch\u00f6nes BIJOU an der Sonnenseite von Engelberg\"><img loading=\"lazy\" decoding=\"async\" width=\"768\" height=\"1024\" src=\"https:\/\/chalets-ch.ch\/wp-content\/uploads\/2022\/01\/cf2a7f64-05ee-4075-a85e-ebffd82fe996.jpeg-768x1024.webp\" class=\"attachment-large size-large wp-post-image\" alt=\"\" \/><\/a><div style=\"padding-bottom:100%\"><\/div><\/div><\/div>\t\t<\/div>\r\n\t\t\t<\/article>\r\n\t<article class=\"w-grid-item post-1261 us_portfolio type-us_portfolio status-publish has-post-thumbnail hentry\" data-id=\"1261\">\r\n\t\t<div class=\"w-grid-item-h\">\r\n\t\t\t\t\t\t<div class=\"w-hwrapper usg_hwrapper_1 align_justify valign_middle\" style=\"--hwrapper-gap:0rem\"><div class=\"w-vwrapper usg_vwrapper_1 align_left valign_top\" style=\"--vwrapper-gap:1.5rem\"><div class=\"w-post-elm post_custom_field usg_post_custom_field_1 has_text_color type_text verfugbarkeit color_link_inherit\"><i class=\"fal fa-exclamation-triangle\"><\/i><span class=\"w-post-elm-value\">Derzeit leider nicht mehr buchbar.<\/span><\/div><h3 class=\"w-post-elm post_title usg_post_title_1 entry-title color_link_inherit\"><a href=\"https:\/\/chalets-ch.ch\/en\/chalet\/schoenes-bijou-mitten-in-basel\/\">Sch\u00f6nes BIJOU &#8211; mitten in BASEL<\/a><\/h3><div class=\"w-post-elm post_content usg_post_content_1\"><p>6 G\u00e4ste<br \/>\n2 Schlafzimmer<br \/>\n2 Betten<br \/>\n1 Badezimmer<\/p>\n<\/div><a class=\"w-btn us-btn-style_21 usg_btn_1\" href=\"https:\/\/chalets-ch.ch\/en\/chalet\/schoenes-bijou-mitten-in-basel\/\"><span class=\"w-btn-label\">Ansehen<\/span><\/a><\/div><div class=\"w-post-elm post_image usg_post_image_1 has_width has_ratio\"><a href=\"https:\/\/chalets-ch.ch\/en\/chalet\/schoenes-bijou-mitten-in-basel\/\" aria-label=\"Sch\u00f6nes BIJOU &#8211; mitten in BASEL\"><img loading=\"lazy\" decoding=\"async\" width=\"1024\" height=\"945\" src=\"https:\/\/chalets-ch.ch\/wp-content\/uploads\/2022\/01\/163db0ca-1-1024x945.jpg\" class=\"attachment-large size-large wp-post-image\" alt=\"\" \/><\/a><div style=\"padding-bottom:100%\"><\/div><\/div><\/div>\t\t<\/div>\r\n\t\t\t<\/article>\r\n<\/div><div class=\"w-grid-carousel-json hidden\" onclick='return {&quot;carousel_settings&quot;:{&quot;aria_labels&quot;:{&quot;prev&quot;:&quot;Previous&quot;,&quot;next&quot;:&quot;Next&quot;},&quot;autoplayContinual&quot;:false,&quot;autoplayContinualCss&quot;:false,&quot;autoplayHoverPause&quot;:false,&quot;autoplayTimeout&quot;:3000,&quot;autoWidth&quot;:false,&quot;smartSpeed&quot;:350,&quot;margin&quot;:0,&quot;mouseDrag&quot;:true,&quot;rtl&quot;:false,&quot;slideBy&quot;:&quot;1&quot;,&quot;touchDrag&quot;:true,&quot;slideTransition&quot;:&quot;&quot;,&quot;responsive&quot;:{&quot;0&quot;:{&quot;autoHeight&quot;:false,&quot;autoplay&quot;:false,&quot;autoplayContinualCss&quot;:false,&quot;autoWidth&quot;:false,&quot;center&quot;:false,&quot;dots&quot;:false,&quot;items&quot;:1,&quot;loop&quot;:false,&quot;nav&quot;:false,&quot;stagePadding&quot;:0,&quot;slideBy&quot;:&quot;1&quot;,&quot;touchDrag&quot;:true,&quot;mouseDrag&quot;:true},&quot;601&quot;:{&quot;items&quot;:1,&quot;autoplay&quot;:false,&quot;autoplayContinualCss&quot;:false,&quot;center&quot;:false,&quot;dots&quot;:false,&quot;nav&quot;:true,&quot;autoHeight&quot;:false,&quot;autoWidth&quot;:false,&quot;loop&quot;:true,&quot;stagePadding&quot;:0}}}}'><\/div><\/div><\/div><\/div><\/div><\/div><\/section><section class=\"l-section wpb_row hide_on_default hide_on_laptops hide_on_tablets hide_on_mobiles height_custom\"><div class=\"l-section-h i-cf\"><div class=\"g-cols vc_row via_grid cols_2 laptops-cols_inherit tablets-cols_inherit mobiles-cols_1 valign_top type_default stacking_default\" style=\"--columns-gap:0rem;\"><div class=\"wpb_column vc_column_container\"><div class=\"vc_column-inner\"><div class=\"w-separator size_custom\" style=\"height:6vh\" id=\"p597\"><style>@media(max-width:1024px){ #p597{height:14hv!important}}@media(max-width:479px){ #p597{height:10hv!important}}<\/style><\/div><div class=\"wpb_text_column us_custom_7d39fe36 us_animate_this\"><div class=\"wpb_wrapper\"><h2 style=\"text-align: right;\">[1] \u00dcber Uns<\/h2>\n<\/div><\/div><div class=\"w-separator size_medium\"><\/div><div class=\"wpb_text_column us_custom_ef675d0d us_animate_this\"><div class=\"wpb_wrapper\"><p>[2]<br \/>\nLorem ipsum dolor sit amet, consectetur adipiscing elit. Aenean vehicula dignissim elit, et laoreet nisi aliquet vitae.<\/p>\n<p>Lorem ipsum dolor sit amet, consectetur adipiscing elit. Aenean vehicula dignissim elit, et laoreet nisi aliquet vitae.Lorem ipsum dolor sit amet, consectetur adipiscing elit. Aenean vehicula dignissim elit, et laoreet nisi aliquet vitae.<\/p>\n<\/div><\/div><\/div><\/div><div class=\"wpb_column vc_column_container us_custom_95d492f5\"><div class=\"vc_column-inner\"><div class=\"w-separator size_custom\" style=\"height:10vh\" id=\"lb00\"><style>@media(max-width:600px){ #lb00{height:14vh!important}}<\/style><\/div><div class=\"w-image us_custom_17ce28a3 us_animate_this has_ratio align_none\"><div class=\"w-image-h\"><div style=\"padding-bottom:128.8889%\"><\/div><img decoding=\"async\" width=\"1080\" height=\"1087\" src=\"https:\/\/chalets-ch.ch\/wp-content\/uploads\/2022\/01\/M.jpg\" class=\"attachment-full size-full\" alt=\"\u00fcber uns Bild\" loading=\"lazy\" \/><\/div><\/div><div class=\"w-separator hide_on_mobiles size_large\"><\/div><\/div><\/div><\/div><\/div><\/section>\n","protected":false},"excerpt":{"rendered":"Nimm die ganze Familie mit in diese tolle zentrale Unterkunft mit viel Platz und Spass und Unterhaltung - mitten in Basel! Unsere Bleibe ist kinderfreundlich, f\u00fcr Kleinkinder geeignet und Haustiere sind erlaubt. Ein Kostenloser Parkplatz in unmittelbarer N\u00e4he steht zur Verf\u00fcgung. Die Unterkunft Die Wohnung ist eine 3.,5 Zimmer Wohnung. Das Wohnzimmer kann auch f\u00fcr...","protected":false},"author":3,"featured_media":0,"parent":0,"menu_order":0,"comment_status":"closed","ping_status":"closed","template":"","meta":{"_acf_changed":false,"footnotes":""},"class_list":["post-528","page","type-page","status-publish","hentry"],"acf":[],"_links":{"self":[{"href":"https:\/\/chalets-ch.ch\/en\/wp-json\/wp\/v2\/pages\/528","targetHints":{"allow":["GET"]}}],"collection":[{"href":"https:\/\/chalets-ch.ch\/en\/wp-json\/wp\/v2\/pages"}],"about":[{"href":"https:\/\/chalets-ch.ch\/en\/wp-json\/wp\/v2\/types\/page"}],"author":[{"embeddable":true,"href":"https:\/\/chalets-ch.ch\/en\/wp-json\/wp\/v2\/users\/3"}],"replies":[{"embeddable":true,"href":"https:\/\/chalets-ch.ch\/en\/wp-json\/wp\/v2\/comments?post=528"}],"version-history":[{"count":32,"href":"https:\/\/chalets-ch.ch\/en\/wp-json\/wp\/v2\/pages\/528\/revisions"}],"predecessor-version":[{"id":1439,"href":"https:\/\/chalets-ch.ch\/en\/wp-json\/wp\/v2\/pages\/528\/revisions\/1439"}],"wp:attachment":[{"href":"https:\/\/chalets-ch.ch\/en\/wp-json\/wp\/v2\/media?parent=528"}],"curies":[{"name":"wp","href":"https:\/\/api.w.org\/{rel}","templated":true}]}}